{"id":11,"date":"2020-05-22T16:23:23","date_gmt":"2020-05-22T16:23:23","guid":{"rendered":"https:\/\/themify.me\/demo\/themes\/ultra-profile\/?page_id=263"},"modified":"2022-12-13T18:54:23","modified_gmt":"2022-12-13T17:54:23","slug":"portfolio","status":"publish","type":"page","link":"https:\/\/gangel.in.rs\/index.php\/portfolio\/","title":{"rendered":"Portfolio"},"content":{"rendered":"<!--themify_builder_content-->\n<div id=\"themify_builder_content-11\" data-postid=\"11\" class=\"themify_builder_content themify_builder_content-11 themify_builder tf_clear\">\n    \t\t\t<!-- module_row -->\n\t<div  data-css_id=\"pgb7872\" data-lazy=\"1\" class=\"module_row themify_builder_row fullwidth_row_container tb_pgb7872 tb_first tf_w tf_clearfix\">\n\t    \t\t\t<div class=\"row_inner col_align_middle gutter-none col_auto_height tb_col_count_2 tf_box tf_rel\">\n\t\t            <div  data-lazy=\"1\" class=\"module_column tb-column col4-2 tb_zgrq873 first\">\n                                                        <div class=\"tb-column-inner tf_box tf_w\">\n                        \t<div  data-lazy=\"1\" class=\"module_subrow themify_builder_sub_row tb_gs2765ec tb_cu2m4 tf_w tf_clearfix\">\n\t    \t\t\t<div class=\"subrow_inner col_align_top tb_col_count_1 tf_box tf_w\">\n\t\t            <div  data-lazy=\"1\" class=\"module_column sub_column col-full tb_4u764 first\">\n                                                        <div class=\"tb-column-inner tf_box tf_w\">\n                        <!-- module text -->\n<div  class=\"module module-text tb_7f5u824   \" data-lazy=\"1\">\n        <div  class=\"tb_text_wrap\">\n    <h1>Portfolio<\/h1>\n<p>U nastavku mo\u017eete videti neke od mojih projekata. Ako imate inspiraciju i potrebu da zapo\u010dnete projekat, <a href=\"https:\/\/themify.me\/demo\/themes\/ultra-profile\/about\/\">kontaktirajte me<\/a> da dobijete besplatnu konsultaciju.<\/p>    <\/div>\n<\/div>\n<!-- \/module text -->                    <\/div><!-- .tb-column-inner -->\n                            <\/div><!-- .module_column -->\n            \t    <\/div><!-- .subrow_inner -->\n\t<\/div><!-- .themify_builder_sub_row -->\n\t                    <\/div><!-- .tb-column-inner -->\n                            <\/div><!-- .module_column -->\n                        <div  data-lazy=\"1\" class=\"module_column tb-column col4-2 tb_7b9g897 last\">\n                                                        <div class=\"tb-column-inner tf_box tf_w\">\n                        <!-- module image -->\n<div  class=\"module module-image tb_yl6d300   image-top tf_mw\" data-lazy=\"1\" data-lax-translate-y=\"(vh*1) 0,(vh*0) -70\" data-lax=\"true\">\n        <div class=\"image-wrap tf_rel tf_mw\">\n\t\t    <img loading=\"lazy\" decoding=\"async\" src=\"http:\/\/gangel.in.rs\/wp-content\/uploads\/2022\/12\/mePortfolio-e1670953673958.jpg\" width=\"600\" height=\"760\" title=\"Portfolio\" alt=\"Portfolio\">\t\n\t\t<\/div>\n\t<!-- \/image-wrap -->\n    \n    \t<\/div>\n<!-- \/module image -->                    <\/div><!-- .tb-column-inner -->\n                            <\/div><!-- .module_column -->\n            \t    <\/div><!-- .row_inner -->\n\t<\/div><!-- .module_row -->\n\t\t\t\t<!-- module_row -->\n\t<div  data-css_id=\"cwms641\" data-lazy=\"1\" class=\"module_row themify_builder_row fullwidth_row_container tb_cwms641 tf_w tf_clearfix\">\n\t    \t\t\t<div class=\"row_inner col_align_top tb_col_count_3 tf_box tf_rel\">\n\t\t            <div  data-lazy=\"1\" class=\"module_column tb-column col3-1 tb_2wka642 first\">\n                                                        <div class=\"tb-column-inner tf_box tf_w\">\n                        <!-- module text -->\n<div  class=\"module module-text tb_it0z723   \" data-lazy=\"1\">\n        <div  class=\"tb_text_wrap\">\n    <h3>10+ years<\/h3>\n<h4>experience<\/h4>    <\/div>\n<\/div>\n<!-- \/module text -->                    <\/div><!-- .tb-column-inner -->\n                            <\/div><!-- .module_column -->\n                        <div  data-lazy=\"1\" class=\"module_column tb-column col3-1 tb_nuno719\">\n                                                        <div class=\"tb-column-inner tf_box tf_w\">\n                        <!-- module text -->\n<div  class=\"module module-text tb_lg0x206   \" data-lazy=\"1\">\n        <div  class=\"tb_text_wrap\">\n    <h3>108 projects<\/h3>\n<h4>completed<\/h4>    <\/div>\n<\/div>\n<!-- \/module text -->                    <\/div><!-- .tb-column-inner -->\n                            <\/div><!-- .module_column -->\n                        <div  data-lazy=\"1\" class=\"module_column tb-column col3-1 tb_8pcw719 last\">\n                                                        <div class=\"tb-column-inner tf_box tf_w\">\n                        <!-- module text -->\n<div  class=\"module module-text tb_2y4s917   \" data-lazy=\"1\">\n        <div  class=\"tb_text_wrap\">\n    <h3>23 awards<\/h3>\n<h4>received<\/h4>    <\/div>\n<\/div>\n<!-- \/module text -->                    <\/div><!-- .tb-column-inner -->\n                            <\/div><!-- .module_column -->\n            \t    <\/div><!-- .row_inner -->\n\t<\/div><!-- .module_row -->\n\t\t\t\t<!-- module_row -->\n\t<div  data-lazy=\"1\" class=\"module_row themify_builder_row tb_u2fy967 tf_w tf_clearfix\">\n\t    \t\t\t<div class=\"row_inner col_align_top tb_col_count_1 tf_box tf_rel\">\n\t\t            <div  data-lazy=\"1\" class=\"module_column tb-column col-full tb_xo9x968 first\">\n                                                        <div class=\"tb-column-inner tf_box tf_w\">\n                        <!-- module text -->\n<div  class=\"module module-text tb_2x6u318   \" data-lazy=\"1\">\n        <div  class=\"tb_text_wrap\">\n    <p>Ispod mo\u017eete da vidite neke od mojih izabranih radova. Moja stru\u010dnost je SEO marketing i veb dizajn, kao i veb programiranje, tako\u0111e ekspert za WordPress. Ako imate projekte u drugim programima, slobodno se javite, mogu Vam pomo\u0107i!<\/p>    <\/div>\n<\/div>\n<!-- \/module text --><!-- module text -->\n<div  class=\"module module-text tb_ygln122   \" data-lazy=\"1\">\n        <div  class=\"tb_text_wrap\">\n    <h3>Moji najnoviji radovi<\/h3>    <\/div>\n<\/div>\n<!-- \/module text --><!-- module post -->\n<div  class=\"module module-portfolio tb_x5g7399 \">\n        <div  class=\"builder-posts-wrap loops-wrapper portfolio grid3 masonry overlay classic tf_rel tf_clear tf_clearfix\" data-lazy=\"1\">\n\t<article id=\"portfolio-13\" class=\"post tf_clearfix portfolio-post cat-6 cat-5 post-13 portfolio type-portfolio status-publish has-post-thumbnail hentry portfolio-category-design portfolio-category-web has-post-title no-post-date has-post-category has-post-tag has-post-comment has-post-author \">\n\t\n\t\n\t\t\t\t<figure class=\"post-image tf_clearfix\">\n\t\t\t    \t\t\t\t\t\t\t\t<a href=\"https:\/\/gangel.in.rs\/index.php\/project\/new-york-coffee\/\">\n\t\t\t\t\t\t\t\t<img loading=\"lazy\" decoding=\"async\" src=\"https:\/\/gangel.in.rs\/wp-content\/uploads\/2022\/12\/morning-coffee-956x1024-360x460.jpg\" width=\"360\" height=\"460\" class=\"wp-post-image wp-image-32\" title=\"New York Coffee\" alt=\"New York Coffee\">\t\t\t\t\t\t\t\t    \t\t\t\t<\/a>\n\t\t\t\t\t\t\t    \t\t\t<\/figure>\n\t\t\t\n\t<div class=\"post-content\">\n\n\t\t\n\t\t\t<div class=\"post-content-inner\">\n\n\t\t\t\t\t\t\n\t\t\t\t\t\t\t\t\t\t\t\t\t<p class=\"post-meta entry-meta\">\n\t\t\t\t\t\t\t\t<span class=\"post-category\"><a href=\"https:\/\/gangel.in.rs\/index.php\/portfolio-category\/design\/\" rel=\"tag\">Design<\/a> <span class=\"separator\">\/<\/span> <a href=\"https:\/\/gangel.in.rs\/index.php\/portfolio-category\/web\/\" rel=\"tag\">Web<\/a> <\/span>\t\t\t\t\t\t\t<\/p>\n\t\t\t\t\t\t\n\t\t\t\t\t\t<h2 class=\"post-title entry-title\"><a href=\"https:\/\/gangel.in.rs\/index.php\/project\/new-york-coffee\/\">New York Coffee<\/a><\/h2>\n\t\t\n\t\t\t<div class=\"entry-content\">\n\n        \n\t<\/div><!-- \/.entry-content -->\n\t\n\t\t\n\t\t\t<\/div>\n\t\t\t<!-- \/.post-content-inner -->\n\t\t\n\t<\/div>\n\t<!-- \/.post-content -->\n\t<\/article>\n<!-- \/.post -->\n<article id=\"portfolio-14\" class=\"post tf_clearfix portfolio-post cat-6 cat-5 post-14 portfolio type-portfolio status-publish has-post-thumbnail hentry portfolio-category-design portfolio-category-web has-post-title no-post-date has-post-category has-post-tag has-post-comment has-post-author \">\n\t\n\t\n\t\t\t\t<figure class=\"post-image tf_clearfix\">\n\t\t\t    \t\t\t\t\t\t\t\t<a href=\"https:\/\/gangel.in.rs\/index.php\/project\/the-fighter\/\">\n\t\t\t\t\t\t\t\t<img loading=\"lazy\" decoding=\"async\" src=\"https:\/\/gangel.in.rs\/wp-content\/uploads\/2022\/12\/fighter-956x1024-360x460.jpg\" width=\"360\" height=\"460\" class=\"wp-post-image wp-image-31\" title=\"The Fighter\" alt=\"The Fighter\">\t\t\t\t\t\t\t\t    \t\t\t\t<\/a>\n\t\t\t\t\t\t\t    \t\t\t<\/figure>\n\t\t\t\n\t<div class=\"post-content\">\n\n\t\t\n\t\t\t<div class=\"post-content-inner\">\n\n\t\t\t\t\t\t\n\t\t\t\t\t\t\t\t\t\t\t\t\t<p class=\"post-meta entry-meta\">\n\t\t\t\t\t\t\t\t<span class=\"post-category\"><a href=\"https:\/\/gangel.in.rs\/index.php\/portfolio-category\/design\/\" rel=\"tag\">Design<\/a> <span class=\"separator\">\/<\/span> <a href=\"https:\/\/gangel.in.rs\/index.php\/portfolio-category\/web\/\" rel=\"tag\">Web<\/a> <\/span>\t\t\t\t\t\t\t<\/p>\n\t\t\t\t\t\t\n\t\t\t\t\t\t<h2 class=\"post-title entry-title\"><a href=\"https:\/\/gangel.in.rs\/index.php\/project\/the-fighter\/\">The Fighter<\/a><\/h2>\n\t\t\n\t\t\t<div class=\"entry-content\">\n\n        \n\t<\/div><!-- \/.entry-content -->\n\t\n\t\t\n\t\t\t<\/div>\n\t\t\t<!-- \/.post-content-inner -->\n\t\t\n\t<\/div>\n\t<!-- \/.post-content -->\n\t<\/article>\n<!-- \/.post -->\n<article id=\"portfolio-15\" class=\"post tf_clearfix portfolio-post cat-7 cat-5 post-15 portfolio type-portfolio status-publish has-post-thumbnail hentry portfolio-category-marketing portfolio-category-web has-post-title no-post-date has-post-category has-post-tag has-post-comment has-post-author \">\n\t\n\t\n\t\t\t\t<figure class=\"post-image tf_clearfix\">\n\t\t\t    \t\t\t\t\t\t\t\t<a href=\"https:\/\/gangel.in.rs\/index.php\/project\/chicago\/\">\n\t\t\t\t\t\t\t\t<img loading=\"lazy\" decoding=\"async\" src=\"https:\/\/gangel.in.rs\/wp-content\/uploads\/2022\/12\/chicago-956x1024-360x460.jpg\" width=\"360\" height=\"460\" class=\"wp-post-image wp-image-34\" title=\"Chicago\" alt=\"Chicago\">\t\t\t\t\t\t\t\t    \t\t\t\t<\/a>\n\t\t\t\t\t\t\t    \t\t\t<\/figure>\n\t\t\t\n\t<div class=\"post-content\">\n\n\t\t\n\t\t\t<div class=\"post-content-inner\">\n\n\t\t\t\t\t\t\n\t\t\t\t\t\t\t\t\t\t\t\t\t<p class=\"post-meta entry-meta\">\n\t\t\t\t\t\t\t\t<span class=\"post-category\"><a href=\"https:\/\/gangel.in.rs\/index.php\/portfolio-category\/marketing\/\" rel=\"tag\">Marketing<\/a> <span class=\"separator\">\/<\/span> <a href=\"https:\/\/gangel.in.rs\/index.php\/portfolio-category\/web\/\" rel=\"tag\">Web<\/a> <\/span>\t\t\t\t\t\t\t<\/p>\n\t\t\t\t\t\t\n\t\t\t\t\t\t<h2 class=\"post-title entry-title\"><a href=\"https:\/\/gangel.in.rs\/index.php\/project\/chicago\/\">Chicago<\/a><\/h2>\n\t\t\n\t\t\t<div class=\"entry-content\">\n\n        \n\t<\/div><!-- \/.entry-content -->\n\t\n\t\t\n\t\t\t<\/div>\n\t\t\t<!-- \/.post-content-inner -->\n\t\t\n\t<\/div>\n\t<!-- \/.post-content -->\n\t<\/article>\n<!-- \/.post -->\n<article id=\"portfolio-16\" class=\"post tf_clearfix portfolio-post cat-5 post-16 portfolio type-portfolio status-publish has-post-thumbnail hentry portfolio-category-web has-post-title no-post-date has-post-category has-post-tag has-post-comment has-post-author \">\n\t\n\t\n\t\t\t\t<figure class=\"post-image tf_clearfix\">\n\t\t\t    \t\t\t\t\t\t\t\t<a href=\"https:\/\/gangel.in.rs\/index.php\/project\/all-about-bread\/\">\n\t\t\t\t\t\t\t\t<img loading=\"lazy\" decoding=\"async\" src=\"https:\/\/gangel.in.rs\/wp-content\/uploads\/2022\/12\/bread-956x1024-360x460.jpg\" width=\"360\" height=\"460\" class=\"wp-post-image wp-image-35\" title=\"All About Bread\" alt=\"All About Bread\">\t\t\t\t\t\t\t\t    \t\t\t\t<\/a>\n\t\t\t\t\t\t\t    \t\t\t<\/figure>\n\t\t\t\n\t<div class=\"post-content\">\n\n\t\t\n\t\t\t<div class=\"post-content-inner\">\n\n\t\t\t\t\t\t\n\t\t\t\t\t\t\t\t\t\t\t\t\t<p class=\"post-meta entry-meta\">\n\t\t\t\t\t\t\t\t<span class=\"post-category\"><a href=\"https:\/\/gangel.in.rs\/index.php\/portfolio-category\/web\/\" rel=\"tag\">Web<\/a> <\/span>\t\t\t\t\t\t\t<\/p>\n\t\t\t\t\t\t\n\t\t\t\t\t\t<h2 class=\"post-title entry-title\"><a href=\"https:\/\/gangel.in.rs\/index.php\/project\/all-about-bread\/\">All About Bread<\/a><\/h2>\n\t\t\n\t\t\t<div class=\"entry-content\">\n\n        \n\t<\/div><!-- \/.entry-content -->\n\t\n\t\t\n\t\t\t<\/div>\n\t\t\t<!-- \/.post-content-inner -->\n\t\t\n\t<\/div>\n\t<!-- \/.post-content -->\n\t<\/article>\n<!-- \/.post -->\n<article id=\"portfolio-17\" class=\"post tf_clearfix portfolio-post cat-6 post-17 portfolio type-portfolio status-publish has-post-thumbnail hentry portfolio-category-design has-post-title no-post-date has-post-category has-post-tag has-post-comment has-post-author \">\n\t\n\t\n\t\t\t\t<figure class=\"post-image tf_clearfix\">\n\t\t\t    \t\t\t\t\t\t\t\t<a href=\"https:\/\/gangel.in.rs\/index.php\/project\/color-of-nature\/\">\n\t\t\t\t\t\t\t\t<img loading=\"lazy\" decoding=\"async\" src=\"https:\/\/gangel.in.rs\/wp-content\/uploads\/2022\/12\/the-florist-956x1024-360x460.jpg\" width=\"360\" height=\"460\" class=\"wp-post-image wp-image-33\" title=\"Color of Nature\" alt=\"Color of Nature\">\t\t\t\t\t\t\t\t    \t\t\t\t<\/a>\n\t\t\t\t\t\t\t    \t\t\t<\/figure>\n\t\t\t\n\t<div class=\"post-content\">\n\n\t\t\n\t\t\t<div class=\"post-content-inner\">\n\n\t\t\t\t\t\t\n\t\t\t\t\t\t\t\t\t\t\t\t\t<p class=\"post-meta entry-meta\">\n\t\t\t\t\t\t\t\t<span class=\"post-category\"><a href=\"https:\/\/gangel.in.rs\/index.php\/portfolio-category\/design\/\" rel=\"tag\">Design<\/a> <\/span>\t\t\t\t\t\t\t<\/p>\n\t\t\t\t\t\t\n\t\t\t\t\t\t<h2 class=\"post-title entry-title\"><a href=\"https:\/\/gangel.in.rs\/index.php\/project\/color-of-nature\/\">Color of Nature<\/a><\/h2>\n\t\t\n\t\t\t<div class=\"entry-content\">\n\n        \n\t<\/div><!-- \/.entry-content -->\n\t\n\t\t\n\t\t\t<\/div>\n\t\t\t<!-- \/.post-content-inner -->\n\t\t\n\t<\/div>\n\t<!-- \/.post-content -->\n\t<\/article>\n<!-- \/.post -->\n<article id=\"portfolio-18\" class=\"post tf_clearfix portfolio-post cat-6 post-18 portfolio type-portfolio status-publish has-post-thumbnail hentry portfolio-category-design has-post-title no-post-date has-post-category has-post-tag has-post-comment has-post-author \">\n\t\n\t\n\t\t\t\t<figure class=\"post-image tf_clearfix\">\n\t\t\t    \t\t\t\t\t\t\t\t<a href=\"https:\/\/gangel.in.rs\/index.php\/project\/elegant-vintage\/\">\n\t\t\t\t\t\t\t\t<img loading=\"lazy\" decoding=\"async\" src=\"https:\/\/gangel.in.rs\/wp-content\/uploads\/2022\/12\/vintage-car-956x1024-360x460.jpg\" width=\"360\" height=\"460\" class=\"wp-post-image wp-image-38\" title=\"Elegant Vintage\" alt=\"Elegant Vintage\">\t\t\t\t\t\t\t\t    \t\t\t\t<\/a>\n\t\t\t\t\t\t\t    \t\t\t<\/figure>\n\t\t\t\n\t<div class=\"post-content\">\n\n\t\t\n\t\t\t<div class=\"post-content-inner\">\n\n\t\t\t\t\t\t\n\t\t\t\t\t\t\t\t\t\t\t\t\t<p class=\"post-meta entry-meta\">\n\t\t\t\t\t\t\t\t<span class=\"post-category\"><a href=\"https:\/\/gangel.in.rs\/index.php\/portfolio-category\/design\/\" rel=\"tag\">Design<\/a> <\/span>\t\t\t\t\t\t\t<\/p>\n\t\t\t\t\t\t\n\t\t\t\t\t\t<h2 class=\"post-title entry-title\"><a href=\"https:\/\/gangel.in.rs\/index.php\/project\/elegant-vintage\/\">Elegant Vintage<\/a><\/h2>\n\t\t\n\t\t\t<div class=\"entry-content\">\n\n        \n\t<\/div><!-- \/.entry-content -->\n\t\n\t\t\n\t\t\t<\/div>\n\t\t\t<!-- \/.post-content-inner -->\n\t\t\n\t<\/div>\n\t<!-- \/.post-content -->\n\t<\/article>\n<!-- \/.post -->\n<\/div><!-- .builder-posts-wrap -->\n            <div class=\"pagenav tf_clear tf_box tf_textr tf_clearfix\"> <span class=\"number current\">1<\/span> <a href=\"https:\/\/gangel.in.rs\/index.php\/wp-json\/wp\/v2\/pages\/11\/page\/2\/\" class=\"number\">2<\/a><\/div>        <\/div>\n    <!-- \/module post -->\n                    <\/div><!-- .tb-column-inner -->\n                            <\/div><!-- .module_column -->\n            \t    <\/div><!-- .row_inner -->\n\t<\/div><!-- .module_row -->\n\t\t\t\t<!-- module_row -->\n\t<div  data-css_id=\"mc19837\" data-lazy=\"1\" class=\"module_row themify_builder_row fullwidth_row_container tb_mc19837 tf_w tf_clearfix\">\n\t    \t\t\t<div class=\"row_inner col_align_middle tb_col_count_2 tf_box tf_rel\">\n\t\t            <div  data-lazy=\"1\" class=\"module_column tb-column col3-2 tb_rq9v838 first\">\n                                                        <div class=\"tb-column-inner tf_box tf_w\">\n                        <!-- module text -->\n<div  class=\"module module-text tb_e37u273   \" data-lazy=\"1\">\n        <div  class=\"tb_text_wrap\">\n    <h3>Besplatne po\u010detne konsultacije o projektu<\/h3>\n<p>Imate sjajnu ideju, obratite mi se. Saslu\u0161at \u0107u Vas i predlo\u017eiti Vam\u00a0 plan i re\u0161enje za osmi\u0161ljeni projekat koji \u017eelite!<\/p>    <\/div>\n<\/div>\n<!-- \/module text -->                    <\/div><!-- .tb-column-inner -->\n                            <\/div><!-- .module_column -->\n                        <div  data-lazy=\"1\" class=\"module_column tb-column col3-1 tb_zu23705 last\">\n                                                        <div class=\"tb-column-inner tf_box tf_w\">\n                        <!-- module buttons -->\n<div  class=\"module module-buttons tb_o992335 buttons-horizontal solid  squared\" data-lazy=\"1\">\n    \t<div class=\"module-buttons-item tf_inline_b\">\n\t\t\t\t\t\t\t<a href=\"https:\/\/themify.me\/demo\/themes\/ultra-profile\/contact\/\" class=\"ui builder_button black\" >\n\t\t\t\t\t\t\t\t\t\t\t<span class=\"tf_inline_b tf_vmiddle\">Kontakt<\/span>\n\t\t\t\t\t\t\t\t\t\t\t<\/a>\n\t\t\t    \t<\/div>\n    <\/div>\n<!-- \/module buttons -->\n                    <\/div><!-- .tb-column-inner -->\n                            <\/div><!-- .module_column -->\n            \t    <\/div><!-- .row_inner -->\n\t<\/div><!-- .module_row -->\n\t<\/div>\n<!--\/themify_builder_content-->","protected":false},"excerpt":{"rendered":"<p>Portfolio U nastavku mo\u017eete videti neke od mojih projekata. Ako imate inspiraciju i potrebu da zapo\u010dnete projekat, kontaktirajte me da dobijete besplatnu konsultaciju. 10+ years experience 108 projects completed 23 awards received Ispod mo\u017eete da vidite neke od mojih izabranih radova. Moja stru\u010dnost je SEO marketing i veb dizajn, kao i veb programiranje, tako\u0111e ekspert [&hellip;]<\/p>\n","protected":false},"author":1,"featured_media":0,"parent":0,"menu_order":0,"comment_status":"closed","ping_status":"closed","template":"","meta":{"footnotes":""},"class_list":["post-11","page","type-page","status-publish","hentry","has-post-title","has-post-date","has-post-category","has-post-tag","has-post-comment","has-post-author",""],"builder_content":"<h1>Portfolio<\/h1> <p>U nastavku mo\u017eete videti neke od mojih projekata. Ako imate inspiraciju i potrebu da zapo\u010dnete projekat, <a href=\"https:\/\/themify.me\/demo\/themes\/ultra-profile\/about\/\">kontaktirajte me<\/a> da dobijete besplatnu konsultaciju.<\/p>\n<img src=\"http:\/\/gangel.in.rs\/wp-content\/uploads\/2022\/12\/mePortfolio-e1670953673958.jpg\" width=\"600\" height=\"760\" title=\"Portfolio\" alt=\"Portfolio\">\n<h3>10+ years<\/h3> <h4>experience<\/h4>\n<h3>108 projects<\/h3> <h4>completed<\/h4>\n<h3>23 awards<\/h3> <h4>received<\/h4>\n<p>Ispod mo\u017eete da vidite neke od mojih izabranih radova. Moja stru\u010dnost je SEO marketing i veb dizajn, kao i veb programiranje, tako\u0111e ekspert za WordPress. Ako imate projekte u drugim programima, slobodno se javite, mogu Vam pomo\u0107i!<\/p>\n<h3>Moji najnoviji radovi<\/h3>\n<h3>Besplatne po\u010detne konsultacije o projektu<\/h3> <p>Imate sjajnu ideju, obratite mi se. Saslu\u0161at \u0107u Vas i predlo\u017eiti Vam\u00a0 plan i re\u0161enje za osmi\u0161ljeni projekat koji \u017eelite!<\/p>\n<a href=\"https:\/\/themify.me\/demo\/themes\/ultra-profile\/contact\/\" > Kontakt <\/a>","_links":{"self":[{"href":"https:\/\/gangel.in.rs\/index.php\/wp-json\/wp\/v2\/pages\/11","targetHints":{"allow":["GET"]}}],"collection":[{"href":"https:\/\/gangel.in.rs\/index.php\/wp-json\/wp\/v2\/pages"}],"about":[{"href":"https:\/\/gangel.in.rs\/index.php\/wp-json\/wp\/v2\/types\/page"}],"author":[{"embeddable":true,"href":"https:\/\/gangel.in.rs\/index.php\/wp-json\/wp\/v2\/users\/1"}],"replies":[{"embeddable":true,"href":"https:\/\/gangel.in.rs\/index.php\/wp-json\/wp\/v2\/comments?post=11"}],"version-history":[{"count":6,"href":"https:\/\/gangel.in.rs\/index.php\/wp-json\/wp\/v2\/pages\/11\/revisions"}],"predecessor-version":[{"id":193,"href":"https:\/\/gangel.in.rs\/index.php\/wp-json\/wp\/v2\/pages\/11\/revisions\/193"}],"wp:attachment":[{"href":"https:\/\/gangel.in.rs\/index.php\/wp-json\/wp\/v2\/media?parent=11"}],"curies":[{"name":"wp","href":"https:\/\/api.w.org\/{rel}","templated":true}]}}